{"id":26,"date":"2012-01-21T14:53:19","date_gmt":"2012-01-21T21:53:19","guid":{"rendered":"http:\/\/www.publicsmog.org\/?page_id=26"},"modified":"2012-01-23T14:53:25","modified_gmt":"2012-01-23T21:53:25","slug":"deutsch","status":"publish","type":"page","link":"http:\/\/www.publicsmog.org\/?page_id=26","title":{"rendered":"DEUTSCH"},"content":{"rendered":"<p>PUBLIC SMOG ist ein Park in der Atmosph\u00c3\u00a4re, dessen Standort und Umfang schwankt. Der Park wird durch finanzielle, gesetzliche oder politische Aktivit\u00c3\u00a4ten errichtet, die den Park f\u00c3\u00bcr die \u00c3\u00b6ffentliche Nutzung zug\u00c3\u00a4nglich machen.<\/p>\n<p>Um Public Smog zu erschaffen, wurden vor allem Emissionszertifikate aus regulierten Emissionsm\u00c3\u00a4rkten angekauft und zur\u00c3\u00bcckgehalten, um diese damit f\u00c3\u00bcr umweltverschmutzende Branchen unzug\u00c3\u00a4nglich zu machen.<\/p>\n<p>W\u00c3\u00a4hrend Public Smog durch diesen Prozess aufgebaut wird, existiert der Park in dem nicht klar begrenzten Luftraum \u00c3\u00bcber der Region, in der Zertifikate angekauft und somit einem Gebrauch vorenthalten wurden. Die Gr\u00c3\u00b6\u00c3\u0178e des Parks variiert abh\u00c3\u00a4ngig von der Anzahl angekaufter Emissionszertifikate und der L\u00c3\u00a4nge des Vertrages, sowie den saisonalen Schwankungen der Luftqualit\u00c3\u00a4t.<\/p>\n<p>Die Gr\u00c3\u00b6\u00c3\u0178e, der Standort und die Dauer des Parks werden auch von anderen Aktivit\u00c3\u00a4ten mit dem Ziel PUBLIC SMOG zu erschaffen beeinflusst. Diese Aktivit\u00c3\u00a4ten beinhalten unter anderem den Versuch, die Erdatmosph\u00c3\u00a4re in die UNESCO Weltkulturerbeliste einzutragen.<\/p>\n<p>Jeder Staat, der die Weltkulturerbe-Konventionen unterzeichnet hat und die Eintragung der Erdatmosph\u00c3\u00a4re als Weltkulturerbe unterst\u00c3\u00bctzen m\u00c3\u00b6chte \u00e2\u20ac\u201c agierend als ein das Nominierungsdossier f\u00c3\u00bcr den Schutz der Erdatmosph\u00c3\u00a4re einreichender Mitgliedstaat \u00e2\u20ac\u201c kann  auch durch diese Website Kontakt mit PUBLIC SMOG aufnehmen.<\/p>\n<p>PUBLIC SMOG unterliegt den vorherrschenden Winden und den langfristigen Transporten von Aerosol und Gasen. <\/p>\n<p>.  .  .  .  .  .  .  .  .  .  .  .  .  .  .  .  .  .  .  .  .  .  .  .  .  .  .  .  .  .  .  .  .  .  .  .  .  .  .  .  .  .  .  .  .  .  .  .  .  .  .  .  .  .  .  .  .<\/p>\n<p>PARK ZEITPLAN<\/p>\n<p>UNTERER PARK<br \/>\nDer Untere Park wurde 2004 w\u00c3\u00a4hrend der Sommer Smog Saison \u00c3\u00bcber dem Gebiet der kalifornischen S\u00c3\u00bcdk\u00c3\u00bcste (Zone of California\u00e2\u20ac\u2122s South Coast Air Quality Management District) er\u00c3\u00b6ffnet. Der Untere Park ist momentan geschlossen.<\/p>\n<p>OBERER PARK<br \/>\nDer obere Park war erstmals von Dezember 2006 bis Dezember 2007 \u00c3\u00bcber der Europ\u00c3\u00a4ischen Union f\u00c3\u00bcr die \u00c3\u2013ffentlichkeit zug\u00c3\u00a4nglich. Von April bis August 2010 wurde er erneut \u00c3\u00bcber den Vereinigten Statten er\u00c3\u00b6ffnet. Momentan ist der Obere Park geschlossen. <\/p>\n<p>PUBLIC SMOG ist der \u00c3\u2013ffentlichkeit kostenlos zug\u00c3\u00a4nglich.<\/p>\n","protected":false},"excerpt":{"rendered":"<p>PUBLIC SMOG ist ein Park in der Atmosph\u00c3\u00a4re, dessen Standort und Umfang schwankt. Der Park wird durch finanzielle, gesetzliche oder politische Aktivit\u00c3\u00a4ten errichtet, die den Park f\u00c3\u00bcr die \u00c3\u00b6ffentliche Nutzung zug\u00c3\u00a4nglich machen. Um Public Smog zu erschaffen, wurden vor allem Emissionszertifikate aus regulierten Emissionsm\u00c3\u00a4rkten angekauft und zur\u00c3\u00bcckgehalten, um diese damit f\u00c3\u00bcr umweltverschmutzende Branchen unzug\u00c3\u00a4nglich zu [&hellip;]<\/p>\n","protected":false},"author":1,"featured_media":0,"parent":0,"menu_order":0,"comment_status":"closed","ping_status":"open","template":"","meta":[],"_links":{"self":[{"href":"http:\/\/www.publicsmog.org\/index.php?rest_route=\/wp\/v2\/pages\/26"}],"collection":[{"href":"http:\/\/www.publicsmog.org\/index.php?rest_route=\/wp\/v2\/pages"}],"about":[{"href":"http:\/\/www.publicsmog.org\/index.php?rest_route=\/wp\/v2\/types\/page"}],"author":[{"embeddable":true,"href":"http:\/\/www.publicsmog.org\/index.php?rest_route=\/wp\/v2\/users\/1"}],"replies":[{"embeddable":true,"href":"http:\/\/www.publicsmog.org\/index.php?rest_route=%2Fwp%2Fv2%2Fcomments&post=26"}],"version-history":[{"count":0,"href":"http:\/\/www.publicsmog.org\/index.php?rest_route=\/wp\/v2\/pages\/26\/revisions"}],"wp:attachment":[{"href":"http:\/\/www.publicsmog.org\/index.php?rest_route=%2Fwp%2Fv2%2Fmedia&parent=26"}],"curies":[{"name":"wp","href":"https:\/\/api.w.org\/{rel}","templated":true}]}}